{"id":525,"date":"2025-08-06T15:58:59","date_gmt":"2025-08-06T13:58:59","guid":{"rendered":"https:\/\/www.osteopathe-aguerre-bayonne.fr\/?page_id=525"},"modified":"2025-09-19T21:12:53","modified_gmt":"2025-09-19T19:12:53","slug":"politique-de-cookies","status":"publish","type":"page","link":"https:\/\/www.osteopathe-aguerre-bayonne.fr\/es\/politique-de-cookies\/","title":{"rendered":"Pol\u00edtica de cookies"},"content":{"rendered":"<div data-elementor-type=\"wp-page\" data-elementor-id=\"525\" class=\"elementor elementor-525\" data-elementor-post-type=\"page\">\n\t\t\t\t<div class=\"elementor-element elementor-element-3c882140 e-flex e-con-boxed e-con e-parent\" data-id=\"3c882140\" data-element_type=\"container\" data-settings=\"{&quot;jet_parallax_layout_list&quot;:[]}\">\n\t\t\t\t\t<div class=\"e-con-inner\">\n\t\t\t\t<div class=\"elementor-element elementor-element-45a1e05b elementor-widget elementor-widget-heading\" data-id=\"45a1e05b\" data-element_type=\"widget\" data-widget_type=\"heading.default\">\n\t\t\t\t<div class=\"elementor-widget-container\">\n\t\t\t\t\t<h2 class=\"elementor-heading-title elementor-size-h2\">1. \u00bfQu\u00e9 es una cookie?<\/h2>\t\t\t\t<\/div>\n\t\t\t\t<\/div>\n\t\t\t\t<div class=\"elementor-element elementor-element-3b1864e1 elementor-widget elementor-widget-text-editor\" data-id=\"3b1864e1\" data-element_type=\"widget\" data-widget_type=\"text-editor.default\">\n\t\t\t\t<div class=\"elementor-widget-container\">\n\t\t\t\t\t\t\t\t\t<p>Una cookie es un peque\u00f1o archivo de texto que se almacena en tu dispositivo (ordenador, m\u00f3vil, tableta) cuando visitas un sitio web. Nos permite recopilar informaci\u00f3n sobre tu navegaci\u00f3n para mejorar la experiencia del usuario o medir la audiencia del sitio web.<\/p>\t\t\t\t\t\t\t\t<\/div>\n\t\t\t\t<\/div>\n\t\t\t\t<div class=\"elementor-element elementor-element-35d1dcf elementor-widget elementor-widget-heading\" data-id=\"35d1dcf\" data-element_type=\"widget\" data-widget_type=\"heading.default\">\n\t\t\t\t<div class=\"elementor-widget-container\">\n\t\t\t\t\t<h2 class=\"elementor-heading-title elementor-size-h2\">2. Cookies utilizadas en este sitio<\/h2>\t\t\t\t<\/div>\n\t\t\t\t<\/div>\n\t\t\t\t<div class=\"elementor-element elementor-element-46b89793 elementor-widget elementor-widget-text-editor\" data-id=\"46b89793\" data-element_type=\"widget\" data-widget_type=\"text-editor.default\">\n\t\t\t\t<div class=\"elementor-widget-container\">\n\t\t\t\t\t\t\t\t\t<p>El sitio <strong>oste\u00f3pata-aguerre-bayonne.fr<\/strong> utiliza las siguientes cookies:<\/p><ul><li><strong>Cookies necesarias<\/strong> para el correcto funcionamiento del sitio (por ejemplo: gesti\u00f3n de sesiones)<\/li><li><strong>Cookies de medici\u00f3n de audiencia<\/strong> (por ejemplo, Google Analytics) para analizar el uso del sitio de forma an\u00f3nima<\/li><li><strong>Cookies de preferencia<\/strong> (ej: idioma seleccionado)<\/li><\/ul><p><em>No se utilizan cookies de seguimiento o publicidad de terceros sin su consentimiento expl\u00edcito.<\/em><\/p>\t\t\t\t\t\t\t\t<\/div>\n\t\t\t\t<\/div>\n\t\t\t\t<div class=\"elementor-element elementor-element-64fe3593 elementor-widget elementor-widget-heading\" data-id=\"64fe3593\" data-element_type=\"widget\" data-widget_type=\"heading.default\">\n\t\t\t\t<div class=\"elementor-widget-container\">\n\t\t\t\t\t<h2 class=\"elementor-heading-title elementor-size-h2\">3. Consent<\/h2>\t\t\t\t<\/div>\n\t\t\t\t<\/div>\n\t\t\t\t<div class=\"elementor-element elementor-element-41804dff elementor-widget elementor-widget-text-editor\" data-id=\"41804dff\" data-element_type=\"widget\" data-widget_type=\"text-editor.default\">\n\t\t\t\t<div class=\"elementor-widget-container\">\n\t\t\t\t\t\t\t\t\t<p>Al visitar el sitio por primera vez, un banner le informa sobre el uso de cookies. Puede:<\/p>\n<ul>\n<li>\u2705 Aceptar todas las cookies<\/li>\n<li>\u2699\ufe0f Personaliza tus preferencias<\/li>\n<li>\u274c Rechazar las cookies no esenciales<\/li>\n<\/ul>\n<p>\u00a0<\/p>\n<p>Su elecci\u00f3n se conserva durante un periodo de 6 meses, de acuerdo con las recomendaciones de la CNIL.<\/p>\t\t\t\t\t\t\t\t<\/div>\n\t\t\t\t<\/div>\n\t\t\t\t<div class=\"elementor-element elementor-element-66539b5c elementor-widget elementor-widget-heading\" data-id=\"66539b5c\" data-element_type=\"widget\" data-widget_type=\"heading.default\">\n\t\t\t\t<div class=\"elementor-widget-container\">\n\t\t\t\t\t<h2 class=\"elementor-heading-title elementor-size-h2\">4. Administrar o deshabilitar las cookies<\/h2>\t\t\t\t<\/div>\n\t\t\t\t<\/div>\n\t\t\t\t<div class=\"elementor-element elementor-element-45fef84d elementor-widget elementor-widget-text-editor\" data-id=\"45fef84d\" data-element_type=\"widget\" data-widget_type=\"text-editor.default\">\n\t\t\t\t<div class=\"elementor-widget-container\">\n\t\t\t\t\t\t\t\t\t<p>Puede cambiar sus preferencias en cualquier momento haciendo clic en el enlace \u201c<strong>Administrar cookies<\/strong>\u201d (se colocar\u00e1 al final del sitio).<br \/>Tambi\u00e9n puede configurar su navegador para:<\/p>\n<ul>\n<li>Rechazar todas las cookies<\/li>\n<li>Recibir una alerta cuando un sitio intente guardar una cookie<\/li>\n<li>Eliminar cookies existentes<\/li>\n<\/ul>\n<p>\u00a0<\/p>\n<p><strong>Enlaces \u00fatiles para configurar tus cookies:<\/strong><\/p>\n<ul>\n<li>Google Chrome<\/li>\n<li>Mozilla Firefox<\/li>\n<li>Safari<\/li>\n<li>Microsoft Edge<\/li>\n<\/ul>\t\t\t\t\t\t\t\t<\/div>\n\t\t\t\t<\/div>\n\t\t\t\t<div class=\"elementor-element elementor-element-43dac138 elementor-widget elementor-widget-heading\" data-id=\"43dac138\" data-element_type=\"widget\" data-widget_type=\"heading.default\">\n\t\t\t\t<div class=\"elementor-widget-container\">\n\t\t\t\t\t<h2 class=\"elementor-heading-title elementor-size-h2\">5. Responsable del tratamiento de datos<\/h2>\t\t\t\t<\/div>\n\t\t\t\t<\/div>\n\t\t\t\t<div class=\"elementor-element elementor-element-1ebfd2d6 elementor-widget elementor-widget-text-editor\" data-id=\"1ebfd2d6\" data-element_type=\"widget\" data-widget_type=\"text-editor.default\">\n\t\t\t\t<div class=\"elementor-widget-container\">\n\t\t\t\t\t\t\t\t\t<p>Para cualquier consulta relativa a las cookies o al tratamiento de datos personales, puede dirigirse a:<\/p><p><strong>Se\u00f1or Aguerre Fran\u00e7ois<\/strong><br \/>1 rue Balangu\u00e9 \u2013 Residencia del Parque Deportivo Edificio A2<br \/>64100 Bayona<br \/>semejante. :<a href=\"tel:+33680053712\"> +33 680 053 712<\/a><\/p>\t\t\t\t\t\t\t\t<\/div>\n\t\t\t\t<\/div>\n\t\t\t\t\t<\/div>\n\t\t\t\t<\/div>\n\t\t\t\t<\/div>","protected":false},"excerpt":{"rendered":"<p>1. \u00bfQu\u00e9 es una cookie? Una cookie es un peque\u00f1o archivo de texto que se almacena en tu dispositivo (ordenador, m\u00f3vil, tableta) cuando visitas un sitio web. Nos permite recopilar informaci\u00f3n sobre tu navegaci\u00f3n para mejorar la experiencia del usuario o medir la audiencia del sitio. 2. Cookies utilizadas en este sitio. El sitio osteopathe-aguerre-bayonne.fr utiliza [\u2026]<\/p>","protected":false},"author":1,"featured_media":0,"parent":0,"menu_order":0,"comment_status":"closed","ping_status":"closed","template":"","meta":{"footnotes":""},"class_list":["post-525","page","type-page","status-publish","hentry"],"_links":{"self":[{"href":"https:\/\/www.osteopathe-aguerre-bayonne.fr\/es\/wp-json\/wp\/v2\/pages\/525","targetHints":{"allow":["GET"]}}],"collection":[{"href":"https:\/\/www.osteopathe-aguerre-bayonne.fr\/es\/wp-json\/wp\/v2\/pages"}],"about":[{"href":"https:\/\/www.osteopathe-aguerre-bayonne.fr\/es\/wp-json\/wp\/v2\/types\/page"}],"author":[{"embeddable":true,"href":"https:\/\/www.osteopathe-aguerre-bayonne.fr\/es\/wp-json\/wp\/v2\/users\/1"}],"replies":[{"embeddable":true,"href":"https:\/\/www.osteopathe-aguerre-bayonne.fr\/es\/wp-json\/wp\/v2\/comments?post=525"}],"version-history":[{"count":16,"href":"https:\/\/www.osteopathe-aguerre-bayonne.fr\/es\/wp-json\/wp\/v2\/pages\/525\/revisions"}],"predecessor-version":[{"id":2816,"href":"https:\/\/www.osteopathe-aguerre-bayonne.fr\/es\/wp-json\/wp\/v2\/pages\/525\/revisions\/2816"}],"wp:attachment":[{"href":"https:\/\/www.osteopathe-aguerre-bayonne.fr\/es\/wp-json\/wp\/v2\/media?parent=525"}],"curies":[{"name":"wp","href":"https:\/\/api.w.org\/{rel}","templated":true}]}}