{"id":522,"date":"2025-08-06T15:59:24","date_gmt":"2025-08-06T13:59:24","guid":{"rendered":"https:\/\/www.osteopathe-aguerre-bayonne.fr\/?page_id=522"},"modified":"2025-09-18T05:05:32","modified_gmt":"2025-09-18T03:05:32","slug":"politique-de-confidentialite","status":"publish","type":"page","link":"https:\/\/www.osteopathe-aguerre-bayonne.fr\/es\/politique-de-confidentialite\/","title":{"rendered":"pol\u00edtica de privacidad"},"content":{"rendered":"<div data-elementor-type=\"wp-page\" data-elementor-id=\"522\" class=\"elementor elementor-522\" data-elementor-post-type=\"page\">\n\t\t\t\t<div class=\"elementor-element elementor-element-90ebf4a e-flex e-con-boxed e-con e-parent\" data-id=\"90ebf4a\" data-element_type=\"container\" data-settings=\"{&quot;jet_parallax_layout_list&quot;:[]}\">\n\t\t\t\t\t<div class=\"e-con-inner\">\n\t\t\t\t<div class=\"elementor-element elementor-element-71b03bcc elementor-widget elementor-widget-heading\" data-id=\"71b03bcc\" data-element_type=\"widget\" data-widget_type=\"heading.default\">\n\t\t\t\t<div class=\"elementor-widget-container\">\n\t\t\t\t\t<h2 class=\"elementor-heading-title elementor-size-h2\">1. Identidad del operador del sitio<\/h2>\t\t\t\t<\/div>\n\t\t\t\t<\/div>\n\t\t\t\t<div class=\"elementor-element elementor-element-12a09eef elementor-widget elementor-widget-text-editor\" data-id=\"12a09eef\" data-element_type=\"widget\" data-widget_type=\"text-editor.default\">\n\t\t\t\t<div class=\"elementor-widget-container\">\n\t\t\t\t\t\t\t\t\tEste sitio web es propiedad de <strong>CIENCIA IRUAK<\/strong>, cuyas coordenadas son las siguientes:\n\n<strong>Aguerre Fran\u00e7ois<\/strong>\n<ul>\n \t<li><strong>Estatus legal :<\/strong> empresario individual<\/li>\n \t<li><strong>RCS:<\/strong> Bayona B 417 645 736<\/li>\n \t<li><strong>SIRET:<\/strong> 417 645 736 00022<\/li>\n \t<li><strong>C\u00f3digo APE:<\/strong> 8690E<\/li>\n \t<li><strong>Oficina central:<\/strong> 1 rue Balangu\u00e9 \u2013 Residencia del Parque Deportivo Edificio A2 64100 Bayona<\/li>\n \t<li><strong>Nacionalidad :<\/strong> Franc\u00e9s<\/li>\n \t<li><strong>Responsable de la publicaci\u00f3n:<\/strong> Se\u00f1or Aguerre Fran\u00e7ois<\/li>\n \t<li><strong>Contacto :<\/strong>\n\ud83d\udce7 francois.aguerre@orange.fr \ud83d\udcde :<a href=\"tel:+33680053712\"> +33 680 053 712<\/a><\/li>\n<\/ul>\t\t\t\t\t\t\t\t<\/div>\n\t\t\t\t<\/div>\n\t\t\t\t<div class=\"elementor-element elementor-element-263a96ba elementor-widget elementor-widget-heading\" data-id=\"263a96ba\" data-element_type=\"widget\" data-widget_type=\"heading.default\">\n\t\t\t\t<div class=\"elementor-widget-container\">\n\t\t\t\t\t<h2 class=\"elementor-heading-title elementor-size-h2\">2. Edici\u00f3n y alojamiento<\/h2>\t\t\t\t<\/div>\n\t\t\t\t<\/div>\n\t\t\t\t<div class=\"elementor-element elementor-element-2df527f7 elementor-widget elementor-widget-text-editor\" data-id=\"2df527f7\" data-element_type=\"widget\" data-widget_type=\"text-editor.default\">\n\t\t\t\t<div class=\"elementor-widget-container\">\n\t\t\t\t\t\t\t\t\t<ul><li><strong>Dise\u00f1o y desarrollo: <\/strong><a href=\"https:\/\/etchenet.com\" target=\"_blank\" rel=\"noopener\">Etchenet.com<\/a> en nombre del Sr. Aguerre Fran\u00e7ois<\/li><li><strong>Anfitri\u00f3n:<\/strong> lucushost<br \/>- Sitio : <a href=\"https:\/\/panel.lucushost.com\/aff.php?aff=1117&amp;landing=hosting-wordpress\" target=\"_blank\" rel=\"noopener\">www.lucushost.com<\/a><\/li><\/ul>\t\t\t\t\t\t\t\t<\/div>\n\t\t\t\t<\/div>\n\t\t\t\t<div class=\"elementor-element elementor-element-6d3de1e8 elementor-widget elementor-widget-heading\" data-id=\"6d3de1e8\" data-element_type=\"widget\" data-widget_type=\"heading.default\">\n\t\t\t\t<div class=\"elementor-widget-container\">\n\t\t\t\t\t<h2 class=\"elementor-heading-title elementor-size-h2\">3. Datos personales<\/h2>\t\t\t\t<\/div>\n\t\t\t\t<\/div>\n\t\t\t\t<div class=\"elementor-element elementor-element-5b4a230a elementor-widget elementor-widget-text-editor\" data-id=\"5b4a230a\" data-element_type=\"widget\" data-widget_type=\"text-editor.default\">\n\t\t\t\t<div class=\"elementor-widget-container\">\n\t\t\t\t\t\t\t\t\t<p>Los datos recopilados a trav\u00e9s del sitio (formularios de contacto, formularios de registro, etc.) son objeto de un tratamiento inform\u00e1tico destinado exclusivamente al Sr. Aguerre Fran\u00e7ois, para:<\/p><ul><li>gesti\u00f3n de solicitudes de contacto<\/li><li>Inscripci\u00f3n en la lista de espera para el alquiler de locales<\/li><li>Env\u00edo de informaci\u00f3n relacionada con la disponibilidad de oficinas o talleres.<\/li><\/ul><p>De conformidad con la Ley n.\u00ba 78-17 del 6 de enero de 1978 modificada (Ley de Protecci\u00f3n de Datos) y el Reglamento General de Protecci\u00f3n de Datos (RGPD \u2013 UE 2016\/679), usted tiene derecho a:<\/p><ul><li>acceso<\/li><li>de rectificaci\u00f3n<\/li><li>de eliminaci\u00f3n<\/li><li>oposici\u00f3n<\/li><li>y portabilidad de sus datos<\/li><\/ul><p><strong>Para ejercer estos derechos, env\u00ede su solicitud a:<\/strong><\/p><p><strong>Se\u00f1or Aguerre Fran\u00e7ois<\/strong><br \/>1 rue Balangu\u00e9 \u2013 Residencia del Parque Deportivo Edificio A2<br \/>64100 Bayona<br \/>semejante. :<a href=\"tel:+33680053712\"> +33 680 053 712<\/a><\/p><p><em>No se ceder\u00e1n datos a terceros.<\/em> Los datos se conservan durante un plazo m\u00e1ximo de 3 a\u00f1os desde el \u00faltimo contacto con el usuario, salvo que la ley exija lo contrario.<\/p>\t\t\t\t\t\t\t\t<\/div>\n\t\t\t\t<\/div>\n\t\t\t\t<div class=\"elementor-element elementor-element-699cbcb6 elementor-widget elementor-widget-heading\" data-id=\"699cbcb6\" data-element_type=\"widget\" data-widget_type=\"heading.default\">\n\t\t\t\t<div class=\"elementor-widget-container\">\n\t\t\t\t\t<h2 class=\"elementor-heading-title elementor-size-h2\">4. Derechos de autor \u2013 Propiedad intelectual<\/h2>\t\t\t\t<\/div>\n\t\t\t\t<\/div>\n\t\t\t\t<div class=\"elementor-element elementor-element-545cd26f elementor-widget elementor-widget-text-editor\" data-id=\"545cd26f\" data-element_type=\"widget\" data-widget_type=\"text-editor.default\">\n\t\t\t\t<div class=\"elementor-widget-container\">\n\t\t\t\t\t\t\t\t\t<p>Todo el sitio est\u00e1 sujeto a la legislaci\u00f3n francesa e internacional sobre derechos de autor y propiedad intelectual.<\/p><p>Todos los elementos (<strong>textos, im\u00e1genes, logotipos, gr\u00e1ficos, documentos descargables<\/strong>, etc.) son propiedad exclusiva del Sr. Aguerre Fran\u00e7ois, a menos que se indique lo contrario.<br \/>Cualquier reproducci\u00f3n, representaci\u00f3n, utilizaci\u00f3n o adaptaci\u00f3n, bajo cualquier forma, de todo o parte del sitio sin autorizaci\u00f3n previa por escrito queda estrictamente prohibida.<\/p>\t\t\t\t\t\t\t\t<\/div>\n\t\t\t\t<\/div>\n\t\t\t\t<div class=\"elementor-element elementor-element-1f8c6398 elementor-widget elementor-widget-heading\" data-id=\"1f8c6398\" data-element_type=\"widget\" data-widget_type=\"heading.default\">\n\t\t\t\t<div class=\"elementor-widget-container\">\n\t\t\t\t\t<h2 class=\"elementor-heading-title elementor-size-h2\">5. Recomendaciones t\u00e9cnicas<\/h2>\t\t\t\t<\/div>\n\t\t\t\t<\/div>\n\t\t\t\t<div class=\"elementor-element elementor-element-5aebabef elementor-widget elementor-widget-text-editor\" data-id=\"5aebabef\" data-element_type=\"widget\" data-widget_type=\"text-editor.default\">\n\t\t\t\t<div class=\"elementor-widget-container\">\n\t\t\t\t\t\t\t\t\t<p>El sitio est\u00e1 optimizado para visualizarse en navegadores recientes.<br \/>Para un correcto funcionamiento es necesaria la activaci\u00f3n de <strong>JavaScript<\/strong> Se recomienda.<br \/>Resoluci\u00f3n m\u00ednima recomendada: <u>1280 x 960 p\u00edxeles<\/u>.<\/p>\t\t\t\t\t\t\t\t<\/div>\n\t\t\t\t<\/div>\n\t\t\t\t\t<\/div>\n\t\t\t\t<\/div>\n\t\t\t\t<\/div>","protected":false},"excerpt":{"rendered":"<p>1. Identidad del operador del sitio Este sitio web es propiedad de SCI IRUAK, cuyos datos de contacto son los siguientes: Aguerre Fran\u00e7ois Forma jur\u00eddica: Empresario individual RCS: Bayona B 417 645 736 SIRET: 417 645 736 00022 C\u00f3digo APE: 8690E Domicilio social: 1 rue Balangu\u00e9 \u2013 [\u2026]<\/p>","protected":false},"author":1,"featured_media":0,"parent":0,"menu_order":0,"comment_status":"closed","ping_status":"open","template":"elementor_theme","meta":{"footnotes":""},"class_list":["post-522","page","type-page","status-publish","hentry"],"_links":{"self":[{"href":"https:\/\/www.osteopathe-aguerre-bayonne.fr\/es\/wp-json\/wp\/v2\/pages\/522","targetHints":{"allow":["GET"]}}],"collection":[{"href":"https:\/\/www.osteopathe-aguerre-bayonne.fr\/es\/wp-json\/wp\/v2\/pages"}],"about":[{"href":"https:\/\/www.osteopathe-aguerre-bayonne.fr\/es\/wp-json\/wp\/v2\/types\/page"}],"author":[{"embeddable":true,"href":"https:\/\/www.osteopathe-aguerre-bayonne.fr\/es\/wp-json\/wp\/v2\/users\/1"}],"replies":[{"embeddable":true,"href":"https:\/\/www.osteopathe-aguerre-bayonne.fr\/es\/wp-json\/wp\/v2\/comments?post=522"}],"version-history":[{"count":28,"href":"https:\/\/www.osteopathe-aguerre-bayonne.fr\/es\/wp-json\/wp\/v2\/pages\/522\/revisions"}],"predecessor-version":[{"id":2441,"href":"https:\/\/www.osteopathe-aguerre-bayonne.fr\/es\/wp-json\/wp\/v2\/pages\/522\/revisions\/2441"}],"wp:attachment":[{"href":"https:\/\/www.osteopathe-aguerre-bayonne.fr\/es\/wp-json\/wp\/v2\/media?parent=522"}],"curies":[{"name":"wp","href":"https:\/\/api.w.org\/{rel}","templated":true}]}}