{"id":3,"date":"2025-08-05T15:30:30","date_gmt":"2025-08-05T13:30:30","guid":{"rendered":"https:\/\/www.osteopathe-aguerre-bayonne.fr\/?page_id=3"},"modified":"2025-09-19T15:48:05","modified_gmt":"2025-09-19T13:48:05","slug":"mentions-legales","status":"publish","type":"page","link":"https:\/\/www.osteopathe-aguerre-bayonne.fr\/es\/mentions-legales\/","title":{"rendered":"Informaci\u00f3n jur\u00eddica"},"content":{"rendered":"<div data-elementor-type=\"wp-page\" data-elementor-id=\"3\" class=\"elementor elementor-3\" data-elementor-post-type=\"page\">\n\t\t\t\t<div class=\"elementor-element elementor-element-15605509 e-flex e-con-boxed e-con e-parent\" data-id=\"15605509\" data-element_type=\"container\" data-settings=\"{&quot;jet_parallax_layout_list&quot;:[]}\">\n\t\t\t\t\t<div class=\"e-con-inner\">\n\t\t\t\t<div class=\"elementor-element elementor-element-484db6e0 elementor-widget elementor-widget-heading\" data-id=\"484db6e0\" data-element_type=\"widget\" data-widget_type=\"heading.default\">\n\t\t\t\t<div class=\"elementor-widget-container\">\n\t\t\t\t\t<h2 class=\"elementor-heading-title elementor-size-h2\">1. Editor del sitio<\/h2>\t\t\t\t<\/div>\n\t\t\t\t<\/div>\n\t\t\t\t<div class=\"elementor-element elementor-element-4c7ab6c0 elementor-widget elementor-widget-text-editor\" data-id=\"4c7ab6c0\" data-element_type=\"widget\" data-widget_type=\"text-editor.default\">\n\t\t\t\t<div class=\"elementor-widget-container\">\n\t\t\t\t\t\t\t\t\tEste sitio es publicado por:\n\n<strong>Aguerre Fran\u00e7ois<\/strong>\n<ul>\n \t<li><strong>Estatus legal :<\/strong> empresario individual<\/li>\n \t<li><strong>RCS:<\/strong> Bayona B 417 645 736<\/li>\n \t<li><strong>SIRET:<\/strong> 417 645 736 00022<\/li>\n \t<li><strong>C\u00f3digo APE:<\/strong> 8690E<\/li>\n \t<li><strong>Oficina central:<\/strong> 1 rue Balangu\u00e9 \u2013 Residencia del Parque Deportivo Edificio A2 64100 Bayona<\/li>\n \t<li><strong>Nacionalidad :<\/strong> Franc\u00e9s<\/li>\n \t<li><strong>Responsable de la publicaci\u00f3n:<\/strong> Se\u00f1or Aguerre Fran\u00e7ois<\/li>\n \t<li><strong>Contacto :<\/strong><br>\n\ud83d\udce7 francois.aguerre@orange.fr<br>\n\ud83d\udcde :<a href=\"tel:+33680053712\"> +33 680 053 712<\/a><\/li>\n<\/ul>\t\t\t\t\t\t\t\t<\/div>\n\t\t\t\t<\/div>\n\t\t\t\t<div class=\"elementor-element elementor-element-444498b2 elementor-widget elementor-widget-heading\" data-id=\"444498b2\" data-element_type=\"widget\" data-widget_type=\"heading.default\">\n\t\t\t\t<div class=\"elementor-widget-container\">\n\t\t\t\t\t<h2 class=\"elementor-heading-title elementor-size-h2\">2. Creaci\u00f3n y alojamiento del sitio<\/h2>\t\t\t\t<\/div>\n\t\t\t\t<\/div>\n\t\t\t\t<div class=\"elementor-element elementor-element-40f569a elementor-widget elementor-widget-text-editor\" data-id=\"40f569a\" data-element_type=\"widget\" data-widget_type=\"text-editor.default\">\n\t\t\t\t<div class=\"elementor-widget-container\">\n\t\t\t\t\t\t\t\t\t<ul><li><strong>Dise\u00f1o y desarrollo: <\/strong><a href=\"https:\/\/etchenet.com\" target=\"_blank\" rel=\"noopener\">Etchenet.com<\/a> en nombre del Sr. Aguerre Fran\u00e7ois<\/li><li><strong>Anfitri\u00f3n:<\/strong> lucushost<br \/>- Sitio : <a href=\"https:\/\/panel.lucushost.com\/aff.php?aff=1117&amp;landing=hosting-wordpress\" target=\"_blank\" rel=\"noopener\">www.lucushost.com<\/a><\/li><\/ul>\t\t\t\t\t\t\t\t<\/div>\n\t\t\t\t<\/div>\n\t\t\t\t<div class=\"elementor-element elementor-element-1102b1cb elementor-widget elementor-widget-heading\" data-id=\"1102b1cb\" data-element_type=\"widget\" data-widget_type=\"heading.default\">\n\t\t\t\t<div class=\"elementor-widget-container\">\n\t\t\t\t\t<h2 class=\"elementor-heading-title elementor-size-h2\">3. Propiedad intelectual<\/h2>\t\t\t\t<\/div>\n\t\t\t\t<\/div>\n\t\t\t\t<div class=\"elementor-element elementor-element-2e765c5f elementor-widget elementor-widget-text-editor\" data-id=\"2e765c5f\" data-element_type=\"widget\" data-widget_type=\"text-editor.default\">\n\t\t\t\t<div class=\"elementor-widget-container\">\n\t\t\t\t\t\t\t\t\t<p>Todo el contenido de este sitio (<strong>textos, im\u00e1genes, gr\u00e1ficos, logotipos, archivos<\/strong>, etc.) est\u00e1 protegido por la legislaci\u00f3n francesa e internacional sobre derechos de autor y propiedad intelectual.<\/p><p>Cualquier reproducci\u00f3n, representaci\u00f3n, distribuci\u00f3n o utilizaci\u00f3n, incluso parcial, del contenido de este sitio, sin la autorizaci\u00f3n previa y expresa de FRAN\u00c7OIS AGUERRE, est\u00e1 prohibida y constituye una infracci\u00f3n susceptible de incurrir en la responsabilidad civil y\/o penal de su autor.<\/p>\t\t\t\t\t\t\t\t<\/div>\n\t\t\t\t<\/div>\n\t\t\t\t<div class=\"elementor-element elementor-element-3eceaae5 elementor-widget elementor-widget-heading\" data-id=\"3eceaae5\" data-element_type=\"widget\" data-widget_type=\"heading.default\">\n\t\t\t\t<div class=\"elementor-widget-container\">\n\t\t\t\t\t<h2 class=\"elementor-heading-title elementor-size-h2\">4. Datos personales<\/h2>\t\t\t\t<\/div>\n\t\t\t\t<\/div>\n\t\t\t\t<div class=\"elementor-element elementor-element-234ce49c elementor-widget elementor-widget-text-editor\" data-id=\"234ce49c\" data-element_type=\"widget\" data-widget_type=\"text-editor.default\">\n\t\t\t\t<div class=\"elementor-widget-container\">\n\t\t\t\t\t\t\t\t\t<p>La informaci\u00f3n personal recopilada a trav\u00e9s de formularios de contacto o registro se utiliza \u00fanicamente con el fin de comunicarse con los usuarios del sitio.<\/p><p>De conformidad con la Ley de Protecci\u00f3n de Datos francesa del 6 de enero de 1978, en su versi\u00f3n modificada, y el Reglamento General de Protecci\u00f3n de Datos (RGPD), usted tiene derecho a acceder, rectificar, suprimir y oponerse al tratamiento de sus datos personales. Puede ejercer estos derechos contactando con:<\/p><p><strong>Se\u00f1or Aguerre Fran\u00e7ois<\/strong><br \/>1 rue Balangu\u00e9 \u2013 Residencia del Parque Deportivo Edificio A2<br \/>64100 Bayona<br \/>\ud83d\udcde :<a href=\"tel:+33680053712\"> +33 680 053 712<\/a><\/p>\t\t\t\t\t\t\t\t<\/div>\n\t\t\t\t<\/div>\n\t\t\t\t<div class=\"elementor-element elementor-element-32b1b842 elementor-widget elementor-widget-heading\" data-id=\"32b1b842\" data-element_type=\"widget\" data-widget_type=\"heading.default\">\n\t\t\t\t<div class=\"elementor-widget-container\">\n\t\t\t\t\t<h2 class=\"elementor-heading-title elementor-size-h2\">5. Galletas<\/h2>\t\t\t\t<\/div>\n\t\t\t\t<\/div>\n\t\t\t\t<div class=\"elementor-element elementor-element-44d44921 elementor-widget elementor-widget-text-editor\" data-id=\"44d44921\" data-element_type=\"widget\" data-widget_type=\"text-editor.default\">\n\t\t\t\t<div class=\"elementor-widget-container\">\n\t\t\t\t\t\t\t\t\t<p>El sitio puede utilizar cookies para mejorar la experiencia del usuario, medir la audiencia y ofrecer servicios adecuados. Si contin\u00faa navegando, <a href=\"\/politique-de-cookies\/\">Aceptas el uso de estas cookies<\/a>Puede configurar su navegador para rechazarlas.<\/p>\t\t\t\t\t\t\t\t<\/div>\n\t\t\t\t<\/div>\n\t\t\t\t<div class=\"elementor-element elementor-element-13939169 elementor-widget elementor-widget-heading\" data-id=\"13939169\" data-element_type=\"widget\" data-widget_type=\"heading.default\">\n\t\t\t\t<div class=\"elementor-widget-container\">\n\t\t\t\t\t<h2 class=\"elementor-heading-title elementor-size-h2\">6. Responsabilidad<\/h2>\t\t\t\t<\/div>\n\t\t\t\t<\/div>\n\t\t\t\t<div class=\"elementor-element elementor-element-68d21942 elementor-widget elementor-widget-text-editor\" data-id=\"68d21942\" data-element_type=\"widget\" data-widget_type=\"text-editor.default\">\n\t\t\t\t<div class=\"elementor-widget-container\">\n\t\t\t\t\t\t\t\t\t<p>FRAN\u00c7OIS AGUERRE se esfuerza por garantizar la exactitud y actualizaci\u00f3n de la informaci\u00f3n publicada en el sitio. Sin embargo, no se responsabiliza de errores u omisiones, ni del uso que pueda hacerse de la informaci\u00f3n proporcionada.<\/p>\t\t\t\t\t\t\t\t<\/div>\n\t\t\t\t<\/div>\n\t\t\t\t\t<\/div>\n\t\t\t\t<\/div>\n\t\t\t\t<\/div>","protected":false},"excerpt":{"rendered":"<p>1. Editor del sitio Este sitio est\u00e1 editado por: Aguerre Fran\u00e7ois Forma jur\u00eddica: Empresario individual RCS: Bayona B 417 645 736 SIRET: 417 645 736 00022 C\u00f3digo APE: 8690E Sede: 1 rue Balangu\u00e9 \u2013 R\u00e9sidence du Parc des Sports B\u00e2t A2 64100 Bayona Nacionalidad: Responsable franc\u00e9s [\u2026]<\/p>","protected":false},"author":1,"featured_media":0,"parent":0,"menu_order":0,"comment_status":"closed","ping_status":"closed","template":"","meta":{"footnotes":""},"class_list":["post-3","page","type-page","status-publish","hentry"],"_links":{"self":[{"href":"https:\/\/www.osteopathe-aguerre-bayonne.fr\/es\/wp-json\/wp\/v2\/pages\/3","targetHints":{"allow":["GET"]}}],"collection":[{"href":"https:\/\/www.osteopathe-aguerre-bayonne.fr\/es\/wp-json\/wp\/v2\/pages"}],"about":[{"href":"https:\/\/www.osteopathe-aguerre-bayonne.fr\/es\/wp-json\/wp\/v2\/types\/page"}],"author":[{"embeddable":true,"href":"https:\/\/www.osteopathe-aguerre-bayonne.fr\/es\/wp-json\/wp\/v2\/users\/1"}],"replies":[{"embeddable":true,"href":"https:\/\/www.osteopathe-aguerre-bayonne.fr\/es\/wp-json\/wp\/v2\/comments?post=3"}],"version-history":[{"count":40,"href":"https:\/\/www.osteopathe-aguerre-bayonne.fr\/es\/wp-json\/wp\/v2\/pages\/3\/revisions"}],"predecessor-version":[{"id":2732,"href":"https:\/\/www.osteopathe-aguerre-bayonne.fr\/es\/wp-json\/wp\/v2\/pages\/3\/revisions\/2732"}],"wp:attachment":[{"href":"https:\/\/www.osteopathe-aguerre-bayonne.fr\/es\/wp-json\/wp\/v2\/media?parent=3"}],"curies":[{"name":"wp","href":"https:\/\/api.w.org\/{rel}","templated":true}]}}