{"id":2167,"date":"2025-09-17T10:56:09","date_gmt":"2025-09-17T08:56:09","guid":{"rendered":"https:\/\/www.osteopathe-aguerre-bayonne.fr\/?page_id=2167"},"modified":"2025-09-21T11:03:23","modified_gmt":"2025-09-21T09:03:23","slug":"mnitherapy-cabinet-francois-aguerre","status":"publish","type":"page","link":"https:\/\/www.osteopathe-aguerre-bayonne.fr\/es\/mnitherapy-cabinet-francois-aguerre\/","title":{"rendered":"MNITherapy \u2013 Pr\u00e1ctica Fran\u00e7ois Aguerre"},"content":{"rendered":"<div data-elementor-type=\"wp-page\" data-elementor-id=\"2167\" class=\"elementor elementor-2167\" data-elementor-post-type=\"page\">\n\t\t\t\t<div class=\"elementor-element elementor-element-efe9f0c e-flex e-con-boxed e-con e-parent\" data-id=\"efe9f0c\" data-element_type=\"container\" data-settings=\"{&quot;jet_parallax_layout_list&quot;:[]}\">\n\t\t\t\t\t<div class=\"e-con-inner\">\n\t\t\t\t<div class=\"elementor-element elementor-element-2a5e6d5 elementor-widget elementor-widget-heading\" data-id=\"2a5e6d5\" data-element_type=\"widget\" data-widget_type=\"heading.default\">\n\t\t\t\t<div class=\"elementor-widget-container\">\n\t\t\t\t\t<h2 class=\"elementor-heading-title elementor-size-default\">Terapia MNI <\/h2>\t\t\t\t<\/div>\n\t\t\t\t<\/div>\n\t\t\t\t\t<\/div>\n\t\t\t\t<\/div>\n\t\t<div class=\"elementor-element elementor-element-7b79cefa e-flex e-con-boxed e-con e-parent\" data-id=\"7b79cefa\" data-element_type=\"container\" data-settings=\"{&quot;jet_parallax_layout_list&quot;:[],&quot;background_background&quot;:&quot;classic&quot;}\">\n\t\t\t\t\t<div class=\"e-con-inner\">\n\t\t<div class=\"elementor-element elementor-element-2d6a7251 e-con-full main__cards cards e-flex e-con e-child\" data-id=\"2d6a7251\" data-element_type=\"container\" data-settings=\"{&quot;animation_mobile&quot;:&quot;none&quot;,&quot;jet_parallax_layout_list&quot;:[]}\">\n\t\t<div class=\"elementor-element elementor-element-1d4d233d e-con-full e-flex elementor-invisible e-con e-child\" data-id=\"1d4d233d\" data-element_type=\"container\" data-settings=\"{&quot;animation&quot;:&quot;fadeInLeft&quot;,&quot;background_background&quot;:&quot;classic&quot;,&quot;jet_parallax_layout_list&quot;:[]}\">\n\t\t\t\t<div class=\"elementor-element elementor-element-4bc10612 elementor-widget elementor-widget-heading\" data-id=\"4bc10612\" data-element_type=\"widget\" data-widget_type=\"heading.default\">\n\t\t\t\t<div class=\"elementor-widget-container\">\n\t\t\t\t\t<h2 class=\"elementor-heading-title elementor-size-h3\">\u00bfQu\u00e9 es la MNITherapy?<\/h2>\t\t\t\t<\/div>\n\t\t\t\t<\/div>\n\t\t\t\t<div class=\"elementor-element elementor-element-7d91aba4 elementor-widget-divider--view-line elementor-invisible elementor-widget elementor-widget-divider\" data-id=\"7d91aba4\" data-element_type=\"widget\" data-settings=\"{&quot;_animation&quot;:&quot;fadeIn&quot;,&quot;_animation_delay&quot;:700}\" data-widget_type=\"divider.default\">\n\t\t\t\t<div class=\"elementor-widget-container\">\n\t\t\t\t\t\t\t<div class=\"elementor-divider\">\n\t\t\t<span class=\"elementor-divider-separator\">\n\t\t\t\t\t\t<\/span>\n\t\t<\/div>\n\t\t\t\t\t\t<\/div>\n\t\t\t\t<\/div>\n\t\t\t\t<div class=\"elementor-element elementor-element-27198534 elementor-widget elementor-widget-text-editor\" data-id=\"27198534\" data-element_type=\"widget\" data-widget_type=\"text-editor.default\">\n\t\t\t\t<div class=\"elementor-widget-container\">\n\t\t\t\t\t\t\t\t\t<p>La MNITherapy (Terapia Neuroinmune Manual) es un enfoque terap\u00e9utico manual que tiene como objetivo <strong>equilibrar y regular el sistema neuroinmune<\/strong>.<\/p>\t\t\t\t\t\t\t\t<\/div>\n\t\t\t\t<\/div>\n\t\t\t\t<div class=\"elementor-element elementor-element-2c2f31f elementor-widget elementor-widget-text-editor\" data-id=\"2c2f31f\" data-element_type=\"widget\" data-widget_type=\"text-editor.default\">\n\t\t\t\t<div class=\"elementor-widget-container\">\n\t\t\t\t\t\t\t\t\t<p>Se basa en gestos precisos, suaves y no invasivos, que permiten actuar sobre las interacciones entre el sistema nervioso, la inmunidad y los tejidos corporales.<\/p>\t\t\t\t\t\t\t\t<\/div>\n\t\t\t\t<\/div>\n\t\t\t\t<div class=\"elementor-element elementor-element-74d0196 elementor-widget elementor-widget-image\" data-id=\"74d0196\" data-element_type=\"widget\" data-widget_type=\"image.default\">\n\t\t\t\t<div class=\"elementor-widget-container\">\n\t\t\t\t\t\t\t\t\t\t\t\t\t\t\t<img decoding=\"async\" width=\"260\" height=\"90\" src=\"https:\/\/www.osteopathe-aguerre-bayonne.fr\/wp-content\/uploads\/2025\/09\/mnitherapy_logo.png\" class=\"attachment-large size-large wp-image-3026\" alt=\"\" srcset=\"https:\/\/www.osteopathe-aguerre-bayonne.fr\/wp-content\/uploads\/2025\/09\/mnitherapy_logo.png 260w, https:\/\/www.osteopathe-aguerre-bayonne.fr\/wp-content\/uploads\/2025\/09\/mnitherapy_logo-18x6.png 18w\" sizes=\"(max-width: 260px) 100vw, 260px\" \/>\t\t\t\t\t\t\t\t\t\t\t\t\t\t\t<\/div>\n\t\t\t\t<\/div>\n\t\t\t\t<\/div>\n\t\t\t\t<\/div>\n\t\t<div class=\"elementor-element elementor-element-1a5b2899 e-con-full main__cards cards e-flex elementor-invisible e-con e-child\" data-id=\"1a5b2899\" data-element_type=\"container\" data-settings=\"{&quot;background_background&quot;:&quot;classic&quot;,&quot;animation&quot;:&quot;fadeInRight&quot;,&quot;jet_parallax_layout_list&quot;:[],&quot;animation_delay&quot;:500,&quot;animation_mobile&quot;:&quot;fadeIn&quot;}\">\n\t\t<div class=\"elementor-element elementor-element-7b8f7db8 e-con-full glass-card blue-medium glow-container  e-flex e-con e-child\" data-id=\"7b8f7db8\" data-element_type=\"container\" data-settings=\"{&quot;jet_parallax_layout_list&quot;:[]}\">\n\t\t\t\t<div class=\"elementor-element elementor-element-260eed7c elementor-widget elementor-widget-video\" data-id=\"260eed7c\" data-element_type=\"widget\" data-settings=\"{&quot;youtube_url&quot;:&quot;https:\\\/\\\/youtu.be\\\/kWOlaUZUcQc&quot;,&quot;loop&quot;:&quot;yes&quot;,&quot;yt_privacy&quot;:&quot;yes&quot;,&quot;show_image_overlay&quot;:&quot;yes&quot;,&quot;image_overlay&quot;:{&quot;url&quot;:&quot;https:\\\/\\\/www.osteopathe-aguerre-bayonne.fr\\\/wp-content\\\/uploads\\\/2025\\\/09\\\/photography-with-natural-textures-and-highl__10494.jpeg&quot;,&quot;id&quot;:2000,&quot;size&quot;:&quot;&quot;,&quot;alt&quot;:&quot;&quot;,&quot;source&quot;:&quot;library&quot;},&quot;video_type&quot;:&quot;youtube&quot;,&quot;controls&quot;:&quot;yes&quot;}\" data-widget_type=\"video.default\">\n\t\t\t\t<div class=\"elementor-widget-container\">\n\t\t\t\t\t\t\t<div class=\"elementor-wrapper elementor-open-inline\">\n\t\t\t<div class=\"elementor-video\"><\/div>\t\t\t\t<div class=\"elementor-custom-embed-image-overlay\" style=\"background-image: url(https:\/\/www.osteopathe-aguerre-bayonne.fr\/wp-content\/uploads\/2025\/09\/photography-with-natural-textures-and-highl__10494.jpeg);\">\n\t\t\t\t\t\t\t\t\t\t\t\t\t\t\t\t<div class=\"elementor-custom-embed-play\" role=\"button\" aria-label=\"Reproducir v\u00eddeo\" tabindex=\"0\">\n\t\t\t\t\t\t\t<i aria-hidden=\"true\" class=\"eicon-play\"><\/i>\t\t\t\t\t\t<\/div>\n\t\t\t\t\t\t\t\t\t<\/div>\n\t\t\t\t\t<\/div>\n\t\t\t\t\t\t<\/div>\n\t\t\t\t<\/div>\n\t\t\t\t<\/div>\n\t\t\t\t<\/div>\n\t\t\t\t\t<\/div>\n\t\t\t\t<\/div>\n\t\t<div class=\"elementor-element elementor-element-5cd234ab e-flex e-con-boxed e-con e-parent\" data-id=\"5cd234ab\" data-element_type=\"container\" data-settings=\"{&quot;jet_parallax_layout_list&quot;:[]}\">\n\t\t\t\t\t<div class=\"e-con-inner\">\n\t\t<div class=\"elementor-element elementor-element-45433c00 e-flex e-con-boxed e-con e-child\" data-id=\"45433c00\" data-element_type=\"container\" data-settings=\"{&quot;jet_parallax_layout_list&quot;:[]}\">\n\t\t\t\t\t<div class=\"e-con-inner\">\n\t\t\t\t<div class=\"elementor-element elementor-element-5cabf649 elementor-widget elementor-widget-heading\" data-id=\"5cabf649\" data-element_type=\"widget\" data-widget_type=\"heading.default\">\n\t\t\t\t<div class=\"elementor-widget-container\">\n\t\t\t\t\t<h2 class=\"elementor-heading-title elementor-size-h2\">Principios del m\u00e9todo<\/h2>\t\t\t\t<\/div>\n\t\t\t\t<\/div>\n\t\t\t\t<div class=\"elementor-element elementor-element-a6dcd5a elementor-widget elementor-widget-text-editor\" data-id=\"a6dcd5a\" data-element_type=\"widget\" data-widget_type=\"text-editor.default\">\n\t\t\t\t<div class=\"elementor-widget-container\">\n\t\t\t\t\t\t\t\t\t<ul>\n<li><strong>Restablecer el equilibrio del sistema nervioso<\/strong> : aliviar la tensi\u00f3n, reducir la hiperactividad o los bloqueos nerviosos.<\/li>\n<li><strong>Estimular las defensas inmunes naturales<\/strong> :Apoyar al cuerpo en sus capacidades de autorregulaci\u00f3n.<\/li>\n<li><strong>Armonizar las funciones corporales<\/strong> :mejorar la comunicaci\u00f3n entre el cerebro, los \u00f3rganos y los tejidos.<\/li>\n<\/ul>\t\t\t\t\t\t\t\t<\/div>\n\t\t\t\t<\/div>\n\t\t\t\t\t<\/div>\n\t\t\t\t<\/div>\n\t\t<div class=\"elementor-element elementor-element-1dace747 e-flex e-con-boxed e-con e-child\" data-id=\"1dace747\" data-element_type=\"container\" data-settings=\"{&quot;jet_parallax_layout_list&quot;:[]}\">\n\t\t\t\t\t<div class=\"e-con-inner\">\n\t\t\t\t<div class=\"elementor-element elementor-element-26342db1 elementor-widget elementor-widget-heading\" data-id=\"26342db1\" data-element_type=\"widget\" data-widget_type=\"heading.default\">\n\t\t\t\t<div class=\"elementor-widget-container\">\n\t\t\t\t\t<h2 class=\"elementor-heading-title elementor-size-h2\">Indicaciones<\/h2>\t\t\t\t<\/div>\n\t\t\t\t<\/div>\n\t\t\t\t<div class=\"elementor-element elementor-element-3c6f9e78 elementor-widget elementor-widget-text-editor\" data-id=\"3c6f9e78\" data-element_type=\"widget\" data-widget_type=\"text-editor.default\">\n\t\t\t\t<div class=\"elementor-widget-container\">\n\t\t\t\t\t\t\t\t\t<p>La MNITherapy puede ayudar con muchos problemas funcionales, como:<\/p>\t\t\t\t\t\t\t\t<\/div>\n\t\t\t\t<\/div>\n\t\t\t\t<div class=\"elementor-element elementor-element-3e58f689 elementor-widget elementor-widget-text-editor\" data-id=\"3e58f689\" data-element_type=\"widget\" data-widget_type=\"text-editor.default\">\n\t\t\t\t<div class=\"elementor-widget-container\">\n\t\t\t\t\t\t\t\t\t<ul>\n<li>Fatiga cr\u00f3nica y trastornos del sue\u00f1o<\/li>\n<li>Dolor persistente (muscular, articular, neurop\u00e1tico)<\/li>\n<li>Alergias y trastornos inmunitarios<\/li>\n<li>Estr\u00e9s, ansiedad, sobrecarga emocional<\/li>\n<li>Trastornos digestivos o respiratorios relacionados con el desequilibrio neuroinmunitario<\/li>\n<\/ul>\t\t\t\t\t\t\t\t<\/div>\n\t\t\t\t<\/div>\n\t\t\t\t\t<\/div>\n\t\t\t\t<\/div>\n\t\t<div class=\"elementor-element elementor-element-5ad37b2 e-flex e-con-boxed e-con e-child\" data-id=\"5ad37b2\" data-element_type=\"container\" data-settings=\"{&quot;jet_parallax_layout_list&quot;:[]}\">\n\t\t\t\t\t<div class=\"e-con-inner\">\n\t\t\t\t<div class=\"elementor-element elementor-element-111a8dab elementor-widget elementor-widget-heading\" data-id=\"111a8dab\" data-element_type=\"widget\" data-widget_type=\"heading.default\">\n\t\t\t\t<div class=\"elementor-widget-container\">\n\t\t\t\t\t<h2 class=\"elementor-heading-title elementor-size-h2\">Curso de una sesi\u00f3n<\/h2>\t\t\t\t<\/div>\n\t\t\t\t<\/div>\n\t\t\t\t<div class=\"elementor-element elementor-element-3d8c4311 elementor-widget elementor-widget-text-editor\" data-id=\"3d8c4311\" data-element_type=\"widget\" data-widget_type=\"text-editor.default\">\n\t\t\t\t<div class=\"elementor-widget-container\">\n\t\t\t\t\t\t\t\t\t<ol>\n<li><strong>Escucha y evaluaci\u00f3n<\/strong> :recopilar antecedentes y comprender sus necesidades.<\/li>\n<li><strong>Sesi\u00f3n manual<\/strong> :Aplicaci\u00f3n de t\u00e9cnicas suaves adaptadas a cada paciente.<\/li>\n<li><strong>Asesoramiento personalizado<\/strong> :apoyo para prolongar los beneficios de la sesi\u00f3n (estilo de vida saludable, ejercicios sencillos).<\/li>\n<\/ol>\t\t\t\t\t\t\t\t<\/div>\n\t\t\t\t<\/div>\n\t\t\t\t<div class=\"elementor-element elementor-element-47c0912f elementor-widget elementor-widget-text-editor\" data-id=\"47c0912f\" data-element_type=\"widget\" data-widget_type=\"text-editor.default\">\n\t\t\t\t<div class=\"elementor-widget-container\">\n\t\t\t\t\t\t\t\t\t<p>Duraci\u00f3n media: <strong>45 minutos a 1 hora<\/strong>.<\/p>\t\t\t\t\t\t\t\t<\/div>\n\t\t\t\t<\/div>\n\t\t\t\t<div class=\"elementor-element elementor-element-3c8fd3ff elementor-widget elementor-widget-text-editor\" data-id=\"3c8fd3ff\" data-element_type=\"widget\" data-widget_type=\"text-editor.default\">\n\t\t\t\t<div class=\"elementor-widget-container\">\n\t\t\t\t\t\t\t\t\t<p>La terapia es indolora y accesible para todas las edades.<\/p>\t\t\t\t\t\t\t\t<\/div>\n\t\t\t\t<\/div>\n\t\t\t\t\t<\/div>\n\t\t\t\t<\/div>\n\t\t<div class=\"elementor-element elementor-element-3b2f1bdd e-flex e-con-boxed e-con e-child\" data-id=\"3b2f1bdd\" data-element_type=\"container\" data-settings=\"{&quot;jet_parallax_layout_list&quot;:[]}\">\n\t\t\t\t\t<div class=\"e-con-inner\">\n\t\t\t\t<div class=\"elementor-element elementor-element-1465a15 elementor-widget elementor-widget-heading\" data-id=\"1465a15\" data-element_type=\"widget\" data-widget_type=\"heading.default\">\n\t\t\t\t<div class=\"elementor-widget-container\">\n\t\t\t\t\t<h2 class=\"elementor-heading-title elementor-size-h2\">Beneficios esperados<\/h2>\t\t\t\t<\/div>\n\t\t\t\t<\/div>\n\t\t\t\t<div class=\"elementor-element elementor-element-3654a9a8 elementor-widget elementor-widget-text-editor\" data-id=\"3654a9a8\" data-element_type=\"widget\" data-widget_type=\"text-editor.default\">\n\t\t\t\t<div class=\"elementor-widget-container\">\n\t\t\t\t\t\t\t\t\t<ul>\n<li>Reducci\u00f3n del dolor cr\u00f3nico y la tensi\u00f3n.<\/li>\n<li>Mejora el sue\u00f1o y la vitalidad<\/li>\n<li>Fortalecimiento de las defensas naturales<\/li>\n<li>Mejor adaptaci\u00f3n al estr\u00e9s<\/li>\n<li>Sensaci\u00f3n de relajaci\u00f3n profunda y duradera.<\/li>\n<\/ul>\t\t\t\t\t\t\t\t<\/div>\n\t\t\t\t<\/div>\n\t\t\t\t\t<\/div>\n\t\t\t\t<\/div>\n\t\t<div class=\"elementor-element elementor-element-48e3acae e-flex e-con-boxed e-con e-child\" data-id=\"48e3acae\" data-element_type=\"container\" data-settings=\"{&quot;jet_parallax_layout_list&quot;:[]}\">\n\t\t\t\t\t<div class=\"e-con-inner\">\n\t\t\t\t<div class=\"elementor-element elementor-element-6cd05679 elementor-widget elementor-widget-heading\" data-id=\"6cd05679\" data-element_type=\"widget\" data-widget_type=\"heading.default\">\n\t\t\t\t<div class=\"elementor-widget-container\">\n\t\t\t\t\t<h2 class=\"elementor-heading-title elementor-size-h2\">MNITherapy y osteopat\u00eda<\/h2>\t\t\t\t<\/div>\n\t\t\t\t<\/div>\n\t\t\t\t<div class=\"elementor-element elementor-element-507477e2 elementor-widget elementor-widget-text-editor\" data-id=\"507477e2\" data-element_type=\"widget\" data-widget_type=\"text-editor.default\">\n\t\t\t\t<div class=\"elementor-widget-container\">\n\t\t\t\t\t\t\t\t\t<p>La MNITherapy es complementaria a la osteopat\u00eda:<\/p>\t\t\t\t\t\t\t\t<\/div>\n\t\t\t\t<\/div>\n\t\t\t\t<div class=\"elementor-element elementor-element-58abd185 elementor-widget elementor-widget-text-editor\" data-id=\"58abd185\" data-element_type=\"widget\" data-widget_type=\"text-editor.default\">\n\t\t\t\t<div class=\"elementor-widget-container\">\n\t\t\t\t\t\t\t\t\t<ul>\n<li>La osteopat\u00eda act\u00faa sobre las estructuras musculoesquel\u00e9ticas y viscerales.<\/li>\n<li>La MNITherapy act\u00faa sobre el <strong>sistema neuroinmune<\/strong> a fondo.<\/li>\n<\/ul>\t\t\t\t\t\t\t\t<\/div>\n\t\t\t\t<\/div>\n\t\t\t\t<div class=\"elementor-element elementor-element-3f6a3ad2 elementor-widget elementor-widget-text-editor\" data-id=\"3f6a3ad2\" data-element_type=\"widget\" data-widget_type=\"text-editor.default\">\n\t\t\t\t<div class=\"elementor-widget-container\">\n\t\t\t\t\t\t\t\t\t<p>Juntos, ofrecen un enfoque integral y coherente de la salud.<\/p>\t\t\t\t\t\t\t\t<\/div>\n\t\t\t\t<\/div>\n\t\t\t\t\t<\/div>\n\t\t\t\t<\/div>\n\t\t<div class=\"elementor-element elementor-element-809c76d e-flex e-con-boxed e-con e-child\" data-id=\"809c76d\" data-element_type=\"container\" data-settings=\"{&quot;jet_parallax_layout_list&quot;:[]}\">\n\t\t\t\t\t<div class=\"e-con-inner\">\n\t\t\t\t<div class=\"elementor-element elementor-element-569fca02 elementor-widget elementor-widget-heading\" data-id=\"569fca02\" data-element_type=\"widget\" data-widget_type=\"heading.default\">\n\t\t\t\t<div class=\"elementor-widget-container\">\n\t\t\t\t\t<h2 class=\"elementor-heading-title elementor-size-h2\">Informaci\u00f3n pr\u00e1ctica<\/h2>\t\t\t\t<\/div>\n\t\t\t\t<\/div>\n\t\t\t\t<div class=\"elementor-element elementor-element-7f0753f3 elementor-widget elementor-widget-text-editor\" data-id=\"7f0753f3\" data-element_type=\"widget\" data-widget_type=\"text-editor.default\">\n\t\t\t\t<div class=\"elementor-widget-container\">\n\t\t\t\t\t\t\t\t\t<ul>\n \t<li>Sesiones disponibles en la oficina de <strong>Bayona<\/strong><\/li>\n \t<li>S\u00f3lo con cita previa<\/li>\n \t<li>Duraci\u00f3n: 45 min a 1 h<\/li>\n \t \t<li><a href=\"https:\/\/mnitherapy.com\/fr\/contact\/frankrijk\/\" target=\"_blank\" rel=\"noopener\">Contacto Francia: MNITHERAPY<\/a><\/li>\n<\/ul>\t\t\t\t\t\t\t\t<\/div>\n\t\t\t\t<\/div>\n\t\t\t\t\t<\/div>\n\t\t\t\t<\/div>\n\t\t\t\t\t<\/div>\n\t\t\t\t<\/div>\n\t\t\t\t<\/div>","protected":false},"excerpt":{"rendered":"<p>Terapia Neuroinmunol\u00f3gica Manual (MNITherapy) \u00bfQu\u00e9 es la MNITherapy? La MNITherapy (Terapia Neuroinmunol\u00f3gica Manual) es un enfoque terap\u00e9utico manual que busca equilibrar y regular el sistema neuroinmunol\u00f3gico. Se basa en gestos precisos, suaves y no invasivos, lo que le permite actuar sobre las interacciones entre el sistema nervioso, el sistema inmunitario y los tejidos corporales. Principios del m\u00e9todo: Restablecer el equilibrio [\u2026]<\/p>","protected":false},"author":1,"featured_media":0,"parent":0,"menu_order":0,"comment_status":"closed","ping_status":"closed","template":"","meta":{"footnotes":""},"class_list":["post-2167","page","type-page","status-publish","hentry"],"_links":{"self":[{"href":"https:\/\/www.osteopathe-aguerre-bayonne.fr\/es\/wp-json\/wp\/v2\/pages\/2167","targetHints":{"allow":["GET"]}}],"collection":[{"href":"https:\/\/www.osteopathe-aguerre-bayonne.fr\/es\/wp-json\/wp\/v2\/pages"}],"about":[{"href":"https:\/\/www.osteopathe-aguerre-bayonne.fr\/es\/wp-json\/wp\/v2\/types\/page"}],"author":[{"embeddable":true,"href":"https:\/\/www.osteopathe-aguerre-bayonne.fr\/es\/wp-json\/wp\/v2\/users\/1"}],"replies":[{"embeddable":true,"href":"https:\/\/www.osteopathe-aguerre-bayonne.fr\/es\/wp-json\/wp\/v2\/comments?post=2167"}],"version-history":[{"count":31,"href":"https:\/\/www.osteopathe-aguerre-bayonne.fr\/es\/wp-json\/wp\/v2\/pages\/2167\/revisions"}],"predecessor-version":[{"id":3029,"href":"https:\/\/www.osteopathe-aguerre-bayonne.fr\/es\/wp-json\/wp\/v2\/pages\/2167\/revisions\/3029"}],"wp:attachment":[{"href":"https:\/\/www.osteopathe-aguerre-bayonne.fr\/es\/wp-json\/wp\/v2\/media?parent=2167"}],"curies":[{"name":"wp","href":"https:\/\/api.w.org\/{rel}","templated":true}]}}