{"id":1208,"date":"2025-08-11T14:28:48","date_gmt":"2025-08-11T12:28:48","guid":{"rendered":"https:\/\/www.osteopathe-aguerre-bayonne.fr\/?page_id=1208"},"modified":"2025-09-20T19:50:17","modified_gmt":"2025-09-20T17:50:17","slug":"blog","status":"publish","type":"page","link":"https:\/\/www.osteopathe-aguerre-bayonne.fr\/es\/blog\/","title":{"rendered":"Blog"},"content":{"rendered":"<div data-elementor-type=\"wp-page\" data-elementor-id=\"1208\" class=\"elementor elementor-1208\" data-elementor-post-type=\"page\">\n\t\t\t\t<div class=\"elementor-element elementor-element-c23b644 e-flex e-con-boxed e-con e-parent\" data-id=\"c23b644\" data-element_type=\"container\" data-settings=\"{&quot;jet_parallax_layout_list&quot;:[]}\">\n\t\t\t\t\t<div class=\"e-con-inner\">\n\t\t\t\t<div class=\"elementor-element elementor-element-4355e77 elementor-widget elementor-widget-heading\" data-id=\"4355e77\" data-element_type=\"widget\" data-widget_type=\"heading.default\">\n\t\t\t\t<div class=\"elementor-widget-container\">\n\t\t\t\t\t<h2 class=\"elementor-heading-title elementor-size-default\">Blog - Osteopat\u00eda<\/h2>\t\t\t\t<\/div>\n\t\t\t\t<\/div>\n\t\t\t\t\t<\/div>\n\t\t\t\t<\/div>\n\t\t<div class=\"elementor-element elementor-element-033fec0 e-flex e-con-boxed e-con e-parent\" data-id=\"033fec0\" data-element_type=\"container\" data-settings=\"{&quot;jet_parallax_layout_list&quot;:[],&quot;background_background&quot;:&quot;classic&quot;}\">\n\t\t\t\t\t<div class=\"e-con-inner\">\n\t\t\t\t<div class=\"elementor-element elementor-element-842362d elementor-grid-1 elementor-grid-tablet-2 elementor-grid-mobile-1 elementor-posts--thumbnail-top elementor-posts--show-avatar elementor-posts__hover-gradient elementor-widget elementor-widget-posts\" data-id=\"842362d\" data-element_type=\"widget\" data-settings=\"{&quot;cards_columns&quot;:&quot;1&quot;,&quot;cards_row_gap&quot;:{&quot;unit&quot;:&quot;px&quot;,&quot;size&quot;:100,&quot;sizes&quot;:[]},&quot;cards_columns_tablet&quot;:&quot;2&quot;,&quot;cards_columns_mobile&quot;:&quot;1&quot;,&quot;cards_row_gap_tablet&quot;:{&quot;unit&quot;:&quot;px&quot;,&quot;size&quot;:&quot;&quot;,&quot;sizes&quot;:[]},&quot;cards_row_gap_mobile&quot;:{&quot;unit&quot;:&quot;px&quot;,&quot;size&quot;:&quot;&quot;,&quot;sizes&quot;:[]}}\" data-widget_type=\"posts.cards\">\n\t\t\t\t<div class=\"elementor-widget-container\">\n\t\t\t\t\t\t\t<div class=\"elementor-posts-container elementor-posts elementor-posts--skin-cards elementor-grid\" role=\"list\">\n\t\t\t\t<article class=\"elementor-post elementor-grid-item post-3238 post type-post status-publish format-standard hentry category-mnitherapy category-ostepathie\" role=\"listitem\">\n\t\t\t<div class=\"elementor-post__card\">\n\t\t\t\t<div class=\"elementor-post__text\">\n\t\t\t\t<h3 class=\"elementor-post__title\">\n\t\t\t<a href=\"https:\/\/www.osteopathe-aguerre-bayonne.fr\/es\/une-approche-novatrice-du-systeme-neuro-immunitaire\/\" >\n\t\t\t\tUn enfoque innovador del sistema neuroinmune\t\t\t<\/a>\n\t\t<\/h3>\n\t\t\t\t<div class=\"elementor-post__excerpt\">\n\t\t\t<p>Formaci\u00f3n en Neuroinmunoterapia. La Neuroinmunoterapia (o Neuroterapia) ofrece un m\u00e9todo para actuar sobre el sistema neuroinmune. Est\u00e1 dirigida a profesionales sanitarios que deseen profundizar en la comprensi\u00f3n de la relaci\u00f3n entre la estructura corporal y la salud general (fatiga, alergias, eccema, psoriasis, etc.). Fundamentos del m\u00e9todo: Principio rector: la estructura determina la funci\u00f3n. El objetivo<\/p>\n\t\t<\/div>\n\t\t\n\t\t<a class=\"elementor-post__read-more\" href=\"https:\/\/www.osteopathe-aguerre-bayonne.fr\/es\/une-approche-novatrice-du-systeme-neuro-immunitaire\/\" aria-label=\"M\u00e1s informaci\u00f3n sobre Une approche novatrice du syst\u00e8me neuro-immunitaire\" tabindex=\"-1\" >\n\t\t\tLeer m\u00e1s &quot;\t\t<\/a>\n\n\t\t\t\t<\/div>\n\t\t\t\t\t<\/div>\n\t\t<\/article>\n\t\t\t\t<article class=\"elementor-post elementor-grid-item post-3102 post type-post status-publish format-standard hentry category-methode-gesret\" role=\"listitem\">\n\t\t\t<div class=\"elementor-post__card\">\n\t\t\t\t<div class=\"elementor-post__text\">\n\t\t\t\t<h3 class=\"elementor-post__title\">\n\t\t\t<a href=\"https:\/\/www.osteopathe-aguerre-bayonne.fr\/es\/pathologies-immunitaires-comprendre-les-zones-cibles\/\" >\n\t\t\t\tPatolog\u00edas inmunes: comprender las \u00e1reas objetivo\t\t\t<\/a>\n\t\t<\/h3>\n\t\t\t\t<div class=\"elementor-post__excerpt\">\n\t\t\t<p>El documento &quot;Patolog\u00edas inmunitarias: \u00e1reas diana&quot; ofrece una lectura original de las reacciones al\u00e9rgicas y autoinmunitarias. Escrito por Jacques R. Gesret, investigador autodidacta y oste\u00f3pata honorario, y Jean-Louis Boutin, explora los v\u00ednculos entre ciertas estructuras anat\u00f3micas (en particular, el ganglio estrellado, las primeras costillas y el...<\/p>\n\t\t<\/div>\n\t\t\n\t\t<a class=\"elementor-post__read-more\" href=\"https:\/\/www.osteopathe-aguerre-bayonne.fr\/es\/pathologies-immunitaires-comprendre-les-zones-cibles\/\" aria-label=\"M\u00e1s informaci\u00f3n sobre Pathologies immunitaires : comprendre les zones cibles\" tabindex=\"-1\" >\n\t\t\tLeer m\u00e1s &quot;\t\t<\/a>\n\n\t\t\t\t<\/div>\n\t\t\t\t\t<\/div>\n\t\t<\/article>\n\t\t\t\t<article class=\"elementor-post elementor-grid-item post-3030 post type-post status-publish format-standard hentry category-methode-gesret\" role=\"listitem\">\n\t\t\t<div class=\"elementor-post__card\">\n\t\t\t\t<div class=\"elementor-post__text\">\n\t\t\t\t<h3 class=\"elementor-post__title\">\n\t\t\t<a href=\"https:\/\/www.osteopathe-aguerre-bayonne.fr\/es\/je-serai-au-salon-therapies-medecines-alternatives-a-jatxou-21-septembre\/\" >\n\t\t\t\tEstar\u00e9 en la Feria de Terapias y Medicinas Alternativas en Jatxou \u2014 21 de septiembre de 2025\t\t\t<\/a>\n\t\t<\/h3>\n\t\t\t\t<div class=\"elementor-post__excerpt\">\n\t\t\t<p>Estar\u00e9 presente el domingo 21 de septiembre de 2025, de 10:00 a 19:00 horas, en la 7\u00aa Feria de \u00abTerapias y Medicinas Alternativas\u00bb que se celebrar\u00e1 en Trinquet, 64480 Jatxou. Mi taller: introducci\u00f3n al m\u00e9todo Gesret Qu\u00e9 encontrar\u00e1s en mi stand Informaci\u00f3n pr\u00e1ctica Si est\u00e1s en Bayona, Biarritz, Anglet o<\/p>\n\t\t<\/div>\n\t\t\n\t\t<a class=\"elementor-post__read-more\" href=\"https:\/\/www.osteopathe-aguerre-bayonne.fr\/es\/je-serai-au-salon-therapies-medecines-alternatives-a-jatxou-21-septembre\/\" aria-label=\"M\u00e1s informaci\u00f3n sobre Je serai au Salon \u00ab Th\u00e9rapies &amp; M\u00e9decines Alternatives \u00bb \u00e0 Jatxou \u2014 21 septembre 2025\" tabindex=\"-1\" >\n\t\t\tLeer m\u00e1s &quot;\t\t<\/a>\n\n\t\t\t\t<\/div>\n\t\t\t\t\t<\/div>\n\t\t<\/article>\n\t\t\t\t<article class=\"elementor-post elementor-grid-item post-2511 post type-post status-publish format-standard hentry category-non-classe category-mnitherapy\" role=\"listitem\">\n\t\t\t<div class=\"elementor-post__card\">\n\t\t\t\t<div class=\"elementor-post__text\">\n\t\t\t\t<h3 class=\"elementor-post__title\">\n\t\t\t<a href=\"https:\/\/www.osteopathe-aguerre-bayonne.fr\/es\/reflexion-autour-de-la-methode-gesret\/\" >\n\t\t\t\tReflexi\u00f3n sobre el m\u00e9todo Gesret\t\t\t<\/a>\n\t\t<\/h3>\n\t\t\t\t<div class=\"elementor-post__excerpt\">\n\t\t\t<p>Me llamo Fran\u00e7ois Aguerre, oste\u00f3pata y heredero de una larga tradici\u00f3n de hueseros vascos. A lo largo de mi pr\u00e1ctica, un enfoque me ha influido profundamente y sigue influyendo en mi pensamiento: el m\u00e9todo Gesret. Cuando atiendo a un paciente con asma, alergias o psoriasis, no veo solo una patolog\u00eda.<\/p>\n\t\t<\/div>\n\t\t\n\t\t<a class=\"elementor-post__read-more\" href=\"https:\/\/www.osteopathe-aguerre-bayonne.fr\/es\/reflexion-autour-de-la-methode-gesret\/\" aria-label=\"M\u00e1s informaci\u00f3n sobre R\u00e9flexion autour de la m\u00e9thode Gesret\" tabindex=\"-1\" >\n\t\t\tLeer m\u00e1s &quot;\t\t<\/a>\n\n\t\t\t\t<\/div>\n\t\t\t\t\t<\/div>\n\t\t<\/article>\n\t\t\t\t<article class=\"elementor-post elementor-grid-item post-2508 post type-post status-publish format-standard hentry category-mnitherapy\" role=\"listitem\">\n\t\t\t<div class=\"elementor-post__card\">\n\t\t\t\t<div class=\"elementor-post__text\">\n\t\t\t\t<h3 class=\"elementor-post__title\">\n\t\t\t<a href=\"https:\/\/www.osteopathe-aguerre-bayonne.fr\/es\/la-mnitherapy-une-approche-innovante-du-systeme-neuro-immunitaire\/\" >\n\t\t\t\tMNITherapy: un enfoque innovador\u2026\t\t\t<\/a>\n\t\t<\/h3>\n\t\t\t\t<div class=\"elementor-post__excerpt\">\n\t\t\t<p>Terapia Neuroinmune Manual (MNI): Un enfoque innovador para el sistema neuroinmune. La Terapia Neuroinmune Manual (MNI) es una terapia manual reciente que se centra en el equilibrio entre el sistema nervioso y el sistema inmunitario. Se basa en la idea de que muchos trastornos cr\u00f3nicos se originan por un desequilibrio entre estos dos sistemas.<\/p>\n\t\t<\/div>\n\t\t\n\t\t<a class=\"elementor-post__read-more\" href=\"https:\/\/www.osteopathe-aguerre-bayonne.fr\/es\/la-mnitherapy-une-approche-innovante-du-systeme-neuro-immunitaire\/\" aria-label=\"M\u00e1s informaci\u00f3n sobre La MNITherapy : une approche innovante&#8230;\" tabindex=\"-1\" >\n\t\t\tLeer m\u00e1s &quot;\t\t<\/a>\n\n\t\t\t\t<\/div>\n\t\t\t\t\t<\/div>\n\t\t<\/article>\n\t\t\t\t<article class=\"elementor-post elementor-grid-item post-2506 post type-post status-publish format-standard hentry category-ostepathie\" role=\"listitem\">\n\t\t\t<div class=\"elementor-post__card\">\n\t\t\t\t<div class=\"elementor-post__text\">\n\t\t\t\t<h3 class=\"elementor-post__title\">\n\t\t\t<a href=\"https:\/\/www.osteopathe-aguerre-bayonne.fr\/es\/osteopathie-et-troubles-digestifs\/\" >\n\t\t\t\tOsteopat\u00eda y trastornos digestivos:\t\t\t<\/a>\n\t\t<\/h3>\n\t\t\t\t<div class=\"elementor-post__excerpt\">\n\t\t\t<p>Un enfoque natural para mejorar el bienestar intestinal. Trastornos digestivos como la hinchaz\u00f3n, el reflujo, el estre\u00f1imiento o el dolor abdominal son comunes y, a menudo, dif\u00edciles de tratar a diario. Cuando no se detecta una causa m\u00e9dica grave, la osteopat\u00eda puede proporcionar un alivio real gracias a un enfoque suave e integral.<\/p>\n\t\t<\/div>\n\t\t\n\t\t<a class=\"elementor-post__read-more\" href=\"https:\/\/www.osteopathe-aguerre-bayonne.fr\/es\/osteopathie-et-troubles-digestifs\/\" aria-label=\"M\u00e1s informaci\u00f3n sobre Ost\u00e9opathie et troubles digestifs :\" tabindex=\"-1\" >\n\t\t\tLeer m\u00e1s &quot;\t\t<\/a>\n\n\t\t\t\t<\/div>\n\t\t\t\t\t<\/div>\n\t\t<\/article>\n\t\t\t\t<\/div>\n\t\t\n\t\t\t\t\t\t<\/div>\n\t\t\t\t<\/div>\n\t\t\t\t\t<\/div>\n\t\t\t\t<\/div>\n\t\t\t\t<\/div>","protected":false},"excerpt":{"rendered":"<p>Blog &#8211; Ost\u00e9opathie<\/p>","protected":false},"author":1,"featured_media":0,"parent":0,"menu_order":0,"comment_status":"closed","ping_status":"closed","template":"elementor_theme","meta":{"footnotes":""},"class_list":["post-1208","page","type-page","status-publish","hentry"],"_links":{"self":[{"href":"https:\/\/www.osteopathe-aguerre-bayonne.fr\/es\/wp-json\/wp\/v2\/pages\/1208","targetHints":{"allow":["GET"]}}],"collection":[{"href":"https:\/\/www.osteopathe-aguerre-bayonne.fr\/es\/wp-json\/wp\/v2\/pages"}],"about":[{"href":"https:\/\/www.osteopathe-aguerre-bayonne.fr\/es\/wp-json\/wp\/v2\/types\/page"}],"author":[{"embeddable":true,"href":"https:\/\/www.osteopathe-aguerre-bayonne.fr\/es\/wp-json\/wp\/v2\/users\/1"}],"replies":[{"embeddable":true,"href":"https:\/\/www.osteopathe-aguerre-bayonne.fr\/es\/wp-json\/wp\/v2\/comments?post=1208"}],"version-history":[{"count":42,"href":"https:\/\/www.osteopathe-aguerre-bayonne.fr\/es\/wp-json\/wp\/v2\/pages\/1208\/revisions"}],"predecessor-version":[{"id":2998,"href":"https:\/\/www.osteopathe-aguerre-bayonne.fr\/es\/wp-json\/wp\/v2\/pages\/1208\/revisions\/2998"}],"wp:attachment":[{"href":"https:\/\/www.osteopathe-aguerre-bayonne.fr\/es\/wp-json\/wp\/v2\/media?parent=1208"}],"curies":[{"name":"wp","href":"https:\/\/api.w.org\/{rel}","templated":true}]}}